{"id":21,"date":"2011-05-03T18:55:54","date_gmt":"2011-05-03T17:55:54","guid":{"rendered":"http:\/\/www.calbergrafica.com\/?page_id=21"},"modified":"2011-07-25T17:23:01","modified_gmt":"2011-07-25T16:23:01","slug":"offset","status":"publish","type":"page","link":"http:\/\/www.calbergrafica.com\/?page_id=21","title":{"rendered":"Offset"},"content":{"rendered":"<p><img loading=\"lazy\" class=\"alignright size-full wp-image-74\" title=\"1_off-set\" src=\"http:\/\/www.calbergrafica.com\/wp-content\/uploads\/2011\/05\/1_off-set1.jpg\" alt=\"Calbergr\u00e1fica - Off-set\" width=\"400\" height=\"396\" srcset=\"http:\/\/www.calbergrafica.com\/wp-content\/uploads\/2011\/05\/1_off-set1.jpg 400w, http:\/\/www.calbergrafica.com\/wp-content\/uploads\/2011\/05\/1_off-set1-150x150.jpg 150w, http:\/\/www.calbergrafica.com\/wp-content\/uploads\/2011\/05\/1_off-set1-300x297.jpg 300w\" sizes=\"(max-width: 400px) 100vw, 400px\" \/>Com um parque de m\u00e1quinas de v\u00e1rios formatos, operado por pessoal devidamente qualificado, a impress\u00e3o \u00e9 permanentemente controlada por fora a garantir um resultado final perfeito.<br \/>\nProduzimos com extrema qualidade tudo o que precisa para o marketing da sua empresa:<\/p>\n<blockquote>\n<ul>\n<li>Agendas<\/li>\n<li>Brochuras<\/li>\n<li>Calend\u00e1rios<\/li>\n<li>Cat\u00e1logos<\/li>\n<li>Cartazes<\/li>\n<li>Convites<\/li>\n<li>Desdobr\u00e1veis<\/li>\n<li>Embalagens<\/li>\n<li>Ementas<\/li>\n<li>Etiquetas<\/li>\n<li>Estacion\u00e1rio (papel de carta, envelopes, cart\u00f5es de visita, etc)<\/li>\n<li>Expositores<\/li>\n<li>Folhetos (monofolhas, d\u00edpticos, tr\u00edpticos)<\/li>\n<li>Livros<\/li>\n<li>Revistas<\/li>\n<\/ul>\n<\/blockquote>\n","protected":false},"excerpt":{"rendered":"<p>Com um parque de m\u00e1quinas de v\u00e1rios formatos, operado por pessoal devidamente qualificado, a impress\u00e3o \u00e9 permanentemente controlada por fora a garantir um resultado final perfeito. Produzimos com extrema qualidade tudo o que precisa para o marketing da sua empresa: &hellip; <a class=\"more-link\" href=\"http:\/\/www.calbergrafica.com\/?page_id=21\">Continue reading <span class=\"meta-nav\">&rarr;<\/span><\/a><\/p>\n","protected":false},"author":1,"featured_media":0,"parent":0,"menu_order":1,"comment_status":"closed","ping_status":"closed","template":"","meta":[],"_links":{"self":[{"href":"http:\/\/www.calbergrafica.com\/index.php?rest_route=\/wp\/v2\/pages\/21"}],"collection":[{"href":"http:\/\/www.calbergrafica.com\/index.php?rest_route=\/wp\/v2\/pages"}],"about":[{"href":"http:\/\/www.calbergrafica.com\/index.php?rest_route=\/wp\/v2\/types\/page"}],"author":[{"embeddable":true,"href":"http:\/\/www.calbergrafica.com\/index.php?rest_route=\/wp\/v2\/users\/1"}],"replies":[{"embeddable":true,"href":"http:\/\/www.calbergrafica.com\/index.php?rest_route=%2Fwp%2Fv2%2Fcomments&post=21"}],"version-history":[{"count":17,"href":"http:\/\/www.calbergrafica.com\/index.php?rest_route=\/wp\/v2\/pages\/21\/revisions"}],"predecessor-version":[{"id":85,"href":"http:\/\/www.calbergrafica.com\/index.php?rest_route=\/wp\/v2\/pages\/21\/revisions\/85"}],"wp:attachment":[{"href":"http:\/\/www.calbergrafica.com\/index.php?rest_route=%2Fwp%2Fv2%2Fmedia&parent=21"}],"curies":[{"name":"wp","href":"https:\/\/api.w.org\/{rel}","templated":true}]}}