{"id":8,"date":"2011-05-02T19:21:41","date_gmt":"2011-05-02T18:21:41","guid":{"rendered":"http:\/\/www.calbergrafica.com\/?page_id=8"},"modified":"2011-07-25T17:23:53","modified_gmt":"2011-07-25T16:23:53","slug":"grandes-formatos","status":"publish","type":"page","link":"http:\/\/www.calbergrafica.com\/?page_id=8","title":{"rendered":"Grandes formatos"},"content":{"rendered":"<p><strong><\/strong><img loading=\"lazy\" class=\"alignleft size-full wp-image-69\" title=\"grandes-formatos_620px\" src=\"http:\/\/www.calbergrafica.com\/wp-content\/uploads\/2011\/05\/grandes-formatos_620px.jpg\" alt=\"Calbergr\u00e1fica - Grandes formatos\" width=\"620\" height=\"326\" srcset=\"http:\/\/www.calbergrafica.com\/wp-content\/uploads\/2011\/05\/grandes-formatos_620px.jpg 620w, http:\/\/www.calbergrafica.com\/wp-content\/uploads\/2011\/05\/grandes-formatos_620px-300x157.jpg 300w\" sizes=\"(max-width: 620px) 100vw, 620px\" \/><br \/>\nApoiada nas mais recentes tecnologias de impress\u00e3o digital, a Calbergr\u00e1fica proporciona aos seus clientes uma linha completa de servi\u00e7os no grande formato.<br \/>\nImpress\u00e3o e recorte em diversos materiais, desde tela lona PVC Frontlit ou Backit, Mesh (tela microperfurada), Vinil Outdoor, Vinil Window Graphics, etc.<br \/>\nV\u00e1rias op\u00e7\u00f5es para os mais diversos fins.<\/p>\n","protected":false},"excerpt":{"rendered":"<p>Apoiada nas mais recentes tecnologias de impress\u00e3o digital, a Calbergr\u00e1fica proporciona aos seus clientes uma linha completa de servi\u00e7os no grande formato. Impress\u00e3o e recorte em diversos materiais, desde tela lona PVC Frontlit ou Backit, Mesh (tela microperfurada), Vinil Outdoor, &hellip; <a class=\"more-link\" href=\"http:\/\/www.calbergrafica.com\/?page_id=8\">Continue reading <span class=\"meta-nav\">&rarr;<\/span><\/a><\/p>\n","protected":false},"author":1,"featured_media":0,"parent":0,"menu_order":3,"comment_status":"closed","ping_status":"closed","template":"","meta":[],"_links":{"self":[{"href":"http:\/\/www.calbergrafica.com\/index.php?rest_route=\/wp\/v2\/pages\/8"}],"collection":[{"href":"http:\/\/www.calbergrafica.com\/index.php?rest_route=\/wp\/v2\/pages"}],"about":[{"href":"http:\/\/www.calbergrafica.com\/index.php?rest_route=\/wp\/v2\/types\/page"}],"author":[{"embeddable":true,"href":"http:\/\/www.calbergrafica.com\/index.php?rest_route=\/wp\/v2\/users\/1"}],"replies":[{"embeddable":true,"href":"http:\/\/www.calbergrafica.com\/index.php?rest_route=%2Fwp%2Fv2%2Fcomments&post=8"}],"version-history":[{"count":10,"href":"http:\/\/www.calbergrafica.com\/index.php?rest_route=\/wp\/v2\/pages\/8\/revisions"}],"predecessor-version":[{"id":77,"href":"http:\/\/www.calbergrafica.com\/index.php?rest_route=\/wp\/v2\/pages\/8\/revisions\/77"}],"wp:attachment":[{"href":"http:\/\/www.calbergrafica.com\/index.php?rest_route=%2Fwp%2Fv2%2Fmedia&parent=8"}],"curies":[{"name":"wp","href":"https:\/\/api.w.org\/{rel}","templated":true}]}}